{"id":38,"date":"2021-09-20T15:33:56","date_gmt":"2021-09-20T15:33:56","guid":{"rendered":"https:\/\/guerracivilmalaga.com\/?page_id=38"},"modified":"2021-09-29T06:26:47","modified_gmt":"2021-09-29T06:26:47","slug":"pagina-principal","status":"publish","type":"page","link":"https:\/\/guerracivilmalaga.com\/","title":{"rendered":"Paseando por la Historia de la Guerra Civil"},"content":{"rendered":"<p style=\"text-align: justify;\"><strong>Han sido muchos los estudios sobre la guerra civil en M\u00e1laga. A lo largo de m\u00e1s de 90 cap\u00edtulos hemos desgranado los diferentes aspectos que marcaron la guerra civil en la ciudad de M\u00e1laga. Lo hacemos a trav\u00e9s de v\u00eddeos donde participan historiadores, profesores, escritores, aficionados a la historia&#8230; que han llevado a cabo diferentes investigaciones sobre la guerra civil en M\u00e1laga.&nbsp;<\/strong><\/p>\n<p><iframe loading=\"lazy\" title=\"CAP\u00cdTULO 0. PRESENTACI\u00d3N DEL PROYECTO &quot;PASEANDO POR LA HISTORIA DE LA GUERRA CIVIL EN M\u00c1LAGA&quot;\" width=\"580\" height=\"326\" src=\"https:\/\/www.youtube.com\/embed\/xhqgRvOVQuE?feature=oembed\" frameborder=\"0\" allow=\"accelerometer; autoplay; clipboard-write; encrypted-media; gyroscope; picture-in-picture\" allowfullscreen><\/iframe><\/p>\n","protected":false},"excerpt":{"rendered":"<p>Han sido muchos los estudios sobre la guerra civil en M\u00e1laga. A lo largo de m\u00e1s de 90 cap\u00edtulos hemos desgranado los diferentes aspectos que marcaron la guerra civil en la ciudad de M\u00e1laga. Lo hacemos a trav\u00e9s de v\u00eddeos donde participan historiadores, profesores, escritores, aficionados a la historia&#8230; que han llevado a cabo diferentes [&hellip;]<\/p>\n","protected":false},"author":1,"featured_media":42,"parent":0,"menu_order":0,"comment_status":"closed","ping_status":"closed","template":"","meta":{"ngg_post_thumbnail":0},"_links":{"self":[{"href":"https:\/\/guerracivilmalaga.com\/index.php\/wp-json\/wp\/v2\/pages\/38"}],"collection":[{"href":"https:\/\/guerracivilmalaga.com\/index.php\/wp-json\/wp\/v2\/pages"}],"about":[{"href":"https:\/\/guerracivilmalaga.com\/index.php\/wp-json\/wp\/v2\/types\/page"}],"author":[{"embeddable":true,"href":"https:\/\/guerracivilmalaga.com\/index.php\/wp-json\/wp\/v2\/users\/1"}],"replies":[{"embeddable":true,"href":"https:\/\/guerracivilmalaga.com\/index.php\/wp-json\/wp\/v2\/comments?post=38"}],"version-history":[{"count":7,"href":"https:\/\/guerracivilmalaga.com\/index.php\/wp-json\/wp\/v2\/pages\/38\/revisions"}],"predecessor-version":[{"id":1029,"href":"https:\/\/guerracivilmalaga.com\/index.php\/wp-json\/wp\/v2\/pages\/38\/revisions\/1029"}],"wp:featuredmedia":[{"embeddable":true,"href":"https:\/\/guerracivilmalaga.com\/index.php\/wp-json\/wp\/v2\/media\/42"}],"wp:attachment":[{"href":"https:\/\/guerracivilmalaga.com\/index.php\/wp-json\/wp\/v2\/media?parent=38"}],"curies":[{"name":"wp","href":"https:\/\/api.w.org\/{rel}","templated":true}]}}