{"id":167,"date":"2021-09-20T18:11:38","date_gmt":"2021-09-20T18:11:38","guid":{"rendered":"https:\/\/guerracivilmalaga.com\/?page_id=167"},"modified":"2021-09-28T18:37:26","modified_gmt":"2021-09-28T18:37:26","slug":"malaguenos-en-la-guerra-civil","status":"publish","type":"page","link":"https:\/\/guerracivilmalaga.com\/index.php\/malaguenos-en-la-guerra-civil\/","title":{"rendered":"MALAGUE\u00d1OS EN LA GUERRA CIVIL"},"content":{"rendered":"<p><img loading=\"lazy\" class=\"alignnone wp-image-168 size-full\" src=\"https:\/\/guerracivilmalaga.com\/wp-content\/uploads\/2021\/09\/10.-MALAGUENOS-EN-LA-GUERRA-CIVIL.jpg\" alt=\"\" width=\"550\" height=\"903\" srcset=\"https:\/\/guerracivilmalaga.com\/wp-content\/uploads\/2021\/09\/10.-MALAGUENOS-EN-LA-GUERRA-CIVIL.jpg 550w, https:\/\/guerracivilmalaga.com\/wp-content\/uploads\/2021\/09\/10.-MALAGUENOS-EN-LA-GUERRA-CIVIL-183x300.jpg 183w\" sizes=\"(max-width: 550px) 100vw, 550px\" \/><\/p>\n<p>Mar\u00eda Zambrano, Emilio Prados, Manuel Altolaguirre, Isabel Oyarz\u00e1bal, Victoria Kent, Jos\u00e9 Mar\u00eda Hinojosa, Luis Bol\u00edn, Blas Infante\u2026 fueron figuras destacadas de M\u00e1laga que dejaron tambi\u00e9n constancia de lo ocurrido durante la guerra. Hablamos aqu\u00ed de su relaci\u00f3n M\u00e1laga y la guerra civil.&nbsp;<\/p>\n<p><strong>CAP\u00cdTULO LXXIX. Isabel Oyarz\u00e1bal<\/strong><\/p>\n<p><iframe loading=\"lazy\" title=\"CAP\u00cdTULO LXXIX. ISABEL OYARZ\u00c1BAL. PASEANDO POR LA HISTORIA DE LA GUERRA CIVIL EN M\u00c1LAGA.\" width=\"580\" height=\"326\" src=\"https:\/\/www.youtube.com\/embed\/_949sSuCrEM?feature=oembed\" frameborder=\"0\" allow=\"accelerometer; autoplay; clipboard-write; encrypted-media; gyroscope; picture-in-picture\" allowfullscreen><\/iframe><\/p>\n<p style=\"text-align: right;\"><strong>ENRIQUE GIR\u00d3N<\/strong><\/p>\n<p><strong>CAP\u00cdTULO LXXX. Luis Bol\u00edn. <\/strong><\/p>\n<p><iframe loading=\"lazy\" title=\"CAP\u00cdTULO LXXX. LUIS BOL\u00cdN. PASEANDO POR LA H\u00aa DE LA GUERRA CIVIL EN M\u00c1LAGA\" width=\"580\" height=\"326\" src=\"https:\/\/www.youtube.com\/embed\/u-hXlhvQDJk?feature=oembed\" frameborder=\"0\" allow=\"accelerometer; autoplay; clipboard-write; encrypted-media; gyroscope; picture-in-picture\" allowfullscreen><\/iframe><\/p>\n<p style=\"text-align: right;\"><strong>JES\u00daS MAJADA<\/strong><\/p>\n<p><strong>CAPITULO LXXXI. La generaci\u00f3n del 27: Altolaguirre, Prados y Mar\u00eda Zambrano.<\/strong><\/p>\n<p><iframe loading=\"lazy\" title=\"CAP\u00cdTULO LXXXI. LA GENERACI\u00d3N DEL 27. PASEANDO POR LA HISTORIA DE LA GUERRA CIVIL EN M\u00c1LAGA.\" width=\"580\" height=\"326\" src=\"https:\/\/www.youtube.com\/embed\/uLo50P9cBuc?feature=oembed\" frameborder=\"0\" allow=\"accelerometer; autoplay; clipboard-write; encrypted-media; gyroscope; picture-in-picture\" allowfullscreen><\/iframe><\/p>\n<p style=\"text-align: right;\"><strong>FRANCISCO CHICA<\/strong><\/p>\n<p><strong>CAP\u00cdTULO LXXXII. Jos\u00e9 Mar\u00eda Hinojosa. <\/strong><\/p>\n<p><iframe loading=\"lazy\" title=\"CAP\u00cdTULO LXXXII. JOS\u00c9 MAR\u00cdA HINOJOSA. PASEANDO POR LA HISTORIA DE LA GUERRA CIVIL EN M\u00c1LAGA\" width=\"580\" height=\"326\" src=\"https:\/\/www.youtube.com\/embed\/ZlU5grXgPQQ?feature=oembed\" frameborder=\"0\" allow=\"accelerometer; autoplay; clipboard-write; encrypted-media; gyroscope; picture-in-picture\" allowfullscreen><\/iframe><\/p>\n<p style=\"text-align: right;\"><strong>JULIO NEIRA<\/strong><\/p>\n<p><strong>CAP\u00cdTULO LXXXIII.Victoria Kent<\/strong><\/p>\n<p><iframe loading=\"lazy\" title=\"CAP\u00cdTULO LXXXIII. VICTORIA KENT. PASEANDO POR LA H\u00aa DE LA G.C EN M\u00c1LAGA\" width=\"580\" height=\"326\" src=\"https:\/\/www.youtube.com\/embed\/h_aBipYz7XM?feature=oembed\" frameborder=\"0\" allow=\"accelerometer; autoplay; clipboard-write; encrypted-media; gyroscope; picture-in-picture\" allowfullscreen><\/iframe><\/p>\n<p style=\"text-align: right;\"><strong>MIGUEL \u00c1NGEL VILLENA<\/strong><\/p>\n<p><strong>CAP\u00cdTULO LXXXIV. Blas Infante. <\/strong><\/p>\n<p><iframe loading=\"lazy\" title=\"CAP\u00cdTULO LXXXIV.  BLAS INFANTE. PASEANDO POR LA HISTORIA DE LA GUERRA CIVIL EN M\u00c1LAGA.\" width=\"580\" height=\"326\" src=\"https:\/\/www.youtube.com\/embed\/xxjbi2u4ems?feature=oembed\" frameborder=\"0\" allow=\"accelerometer; autoplay; clipboard-write; encrypted-media; gyroscope; picture-in-picture\" allowfullscreen><\/iframe><\/p>\n<p style=\"text-align: right;\"><strong>JAVIER DELM\u00c1S<\/strong><\/p>\n<p><strong>CAP\u00cdTULO LXXXV. Picasso. <\/strong><\/p>\n<p><iframe loading=\"lazy\" title=\"CAP\u00cdTULO LXXXV. PABLO RUIZ PICASSO. PASEANDO POR LA HISTORIA DE LA GUERRA CIVIL EN M\u00c1LAGA.\" width=\"580\" height=\"326\" src=\"https:\/\/www.youtube.com\/embed\/ZXPBhn0AvPM?feature=oembed\" frameborder=\"0\" allow=\"accelerometer; autoplay; clipboard-write; encrypted-media; gyroscope; picture-in-picture\" allowfullscreen><\/iframe><\/p>\n<p style=\"text-align: right;\"><strong>RAFAEL INGLADA<\/strong><\/p>\n<p><strong>CAP\u00cdTULO LXXXVI. El doctor G\u00e1lvez. <\/strong><\/p>\n<p><iframe loading=\"lazy\" title=\"CAP\u00cdTULO LXXXVI. EL DOCTOR G\u00c1LVEZ. PASEANDO POR LA H\u00aa DE LA G.CIVIL EN M\u00c1LAGA\" width=\"580\" height=\"326\" src=\"https:\/\/www.youtube.com\/embed\/82oOx_M4ILs?feature=oembed\" frameborder=\"0\" allow=\"accelerometer; autoplay; clipboard-write; encrypted-media; gyroscope; picture-in-picture\" allowfullscreen><\/iframe><\/p>\n<p style=\"text-align: right;\"><strong>ALEXIS LAVANANT JURADO<\/strong><\/p>\n","protected":false},"excerpt":{"rendered":"<p>Mar\u00eda Zambrano, Emilio Prados, Manuel Altolaguirre, Isabel Oyarz\u00e1bal, Victoria Kent, Jos\u00e9 Mar\u00eda Hinojosa, Luis Bol\u00edn, Blas Infante\u2026 fueron figuras destacadas de M\u00e1laga que dejaron tambi\u00e9n constancia de lo ocurrido durante la guerra. Hablamos aqu\u00ed de su relaci\u00f3n M\u00e1laga y la guerra civil.&nbsp; CAP\u00cdTULO LXXIX. Isabel Oyarz\u00e1bal ENRIQUE GIR\u00d3N CAP\u00cdTULO LXXX. Luis Bol\u00edn. JES\u00daS MAJADA CAPITULO [&hellip;]<\/p>\n","protected":false},"author":1,"featured_media":0,"parent":0,"menu_order":0,"comment_status":"closed","ping_status":"closed","template":"","meta":{"ngg_post_thumbnail":0},"_links":{"self":[{"href":"https:\/\/guerracivilmalaga.com\/index.php\/wp-json\/wp\/v2\/pages\/167"}],"collection":[{"href":"https:\/\/guerracivilmalaga.com\/index.php\/wp-json\/wp\/v2\/pages"}],"about":[{"href":"https:\/\/guerracivilmalaga.com\/index.php\/wp-json\/wp\/v2\/types\/page"}],"author":[{"embeddable":true,"href":"https:\/\/guerracivilmalaga.com\/index.php\/wp-json\/wp\/v2\/users\/1"}],"replies":[{"embeddable":true,"href":"https:\/\/guerracivilmalaga.com\/index.php\/wp-json\/wp\/v2\/comments?post=167"}],"version-history":[{"count":7,"href":"https:\/\/guerracivilmalaga.com\/index.php\/wp-json\/wp\/v2\/pages\/167\/revisions"}],"predecessor-version":[{"id":240,"href":"https:\/\/guerracivilmalaga.com\/index.php\/wp-json\/wp\/v2\/pages\/167\/revisions\/240"}],"wp:attachment":[{"href":"https:\/\/guerracivilmalaga.com\/index.php\/wp-json\/wp\/v2\/media?parent=167"}],"curies":[{"name":"wp","href":"https:\/\/api.w.org\/{rel}","templated":true}]}}