{"id":149,"date":"2021-09-20T17:57:19","date_gmt":"2021-09-20T17:57:19","guid":{"rendered":"https:\/\/guerracivilmalaga.com\/?page_id=149"},"modified":"2021-09-28T18:32:14","modified_gmt":"2021-09-28T18:32:14","slug":"la-evolucion-del-frente","status":"publish","type":"page","link":"https:\/\/guerracivilmalaga.com\/index.php\/la-evolucion-del-frente\/","title":{"rendered":"LA EVOLUCI\u00d3N DEL FRENTE"},"content":{"rendered":"<p><img loading=\"lazy\" class=\"alignnone wp-image-152 size-full\" src=\"https:\/\/guerracivilmalaga.com\/wp-content\/uploads\/2021\/09\/114.-Tropas-ejercito-rebelde-poblacion-desbanda_EDIIMA20160204_0398_4ANTEQUERA.jpg\" alt=\"\" width=\"643\" height=\"362\" srcset=\"https:\/\/guerracivilmalaga.com\/wp-content\/uploads\/2021\/09\/114.-Tropas-ejercito-rebelde-poblacion-desbanda_EDIIMA20160204_0398_4ANTEQUERA.jpg 643w, https:\/\/guerracivilmalaga.com\/wp-content\/uploads\/2021\/09\/114.-Tropas-ejercito-rebelde-poblacion-desbanda_EDIIMA20160204_0398_4ANTEQUERA-300x169.jpg 300w\" sizes=\"(max-width: 643px) 100vw, 643px\" \/><\/p>\n<p>La situaci\u00f3n de M\u00e1laga dentro del bando republicano hizo que una parte de las tropas franquistas se dedicaran a la toma de la provincia de M\u00e1laga. De este modo, fueron cayendo de manera progresiva las grandes urbes: Antequera, Ronda, Estepona, Marbella, M\u00e1laga, V\u00e9lez M\u00e1laga\u2026 Fundamental en este avance de las tropas sublevadas fue el papel jugado por las tropas italianas.&nbsp;<\/p>\n<p><strong>CAP\u00cdTULO XL. El avance subleva<\/strong><strong>do sobre la provincia.<\/strong><\/p>\n<p><iframe loading=\"lazy\" title=\"CAP\u00cdTULO XL. EL AVANCE SUBLEVADO. PASEANDO POR LA HISTORIA DE LA GUERRA CIVIL EN M\u00c1LAGA\" width=\"580\" height=\"326\" src=\"https:\/\/www.youtube.com\/embed\/NSscllu-_E0?feature=oembed\" frameborder=\"0\" allow=\"accelerometer; autoplay; clipboard-write; encrypted-media; gyroscope; picture-in-picture\" allowfullscreen><\/iframe><\/p>\n<p style=\"text-align: right;\"><strong>RAQUEL ZUGASTI<\/strong><\/p>\n<p><strong>CAP\u00cdTULO XLI. La ca\u00edda de Antequera. <\/strong><\/p>\n<p><iframe loading=\"lazy\" title=\"CAP\u00cdTULO XLI. LA CA\u00cdDA DE ANTEQUERA. PASEANDO POR LA HISTORIA DE LA GUERRA CIVIL EN M\u00c1LAGA\" width=\"580\" height=\"326\" src=\"https:\/\/www.youtube.com\/embed\/O3DjDRbDCjo?feature=oembed\" frameborder=\"0\" allow=\"accelerometer; autoplay; clipboard-write; encrypted-media; gyroscope; picture-in-picture\" allowfullscreen><\/iframe><\/p>\n<p style=\"text-align: right;\"><strong>RAQUEL ZUGASTI<\/strong><\/p>\n<p><strong>CAP\u00cdTULO XLII. La ca\u00edda de Ronda. <\/strong><\/p>\n<p><iframe loading=\"lazy\" title=\"CAP\u00cdTULO XLII. LA TOMA DE RONDA. PASEANDO POR LA HISTORIA DE LA GUERRA CIVIL EN M\u00c1LAGA\" width=\"580\" height=\"326\" src=\"https:\/\/www.youtube.com\/embed\/DjFJJMtAK10?feature=oembed\" frameborder=\"0\" allow=\"accelerometer; autoplay; clipboard-write; encrypted-media; gyroscope; picture-in-picture\" allowfullscreen><\/iframe><\/p>\n<p style=\"text-align: right;\"><strong>RAQUEL ZUGASTI<\/strong><\/p>\n<p><strong>CAP\u00cdTULO XLIII. La ca\u00edda de Estepona<\/strong><\/p>\n<p><iframe loading=\"lazy\" title=\"CAP\u00cdTULO XLIII. LA CA\u00cdDA DE ESTEPONA Y MARBELLA. PASEANDO POR LA H\u00aa DE LA GUERRA CIVIL EN M\u00c1LAGA\" width=\"580\" height=\"326\" src=\"https:\/\/www.youtube.com\/embed\/H5HcqY0qNbw?feature=oembed\" frameborder=\"0\" allow=\"accelerometer; autoplay; clipboard-write; encrypted-media; gyroscope; picture-in-picture\" allowfullscreen><\/iframe><\/p>\n<p style=\"text-align: right;\"><strong>JES\u00daS MART\u00cdN<\/strong><\/p>\n<p><strong>CAP\u00cdTULO XLIV. El avance sublevado sobre M\u00e1laga<\/strong><\/p>\n<p><iframe loading=\"lazy\" title=\"CAP\u00cdTULO XLIV. EL CERCO SOBRE M\u00c1LAGA. PASEANDO POR LA HISTORIA DE LA GUERRA CIVIL EN M\u00c1LAGA.\" width=\"580\" height=\"326\" src=\"https:\/\/www.youtube.com\/embed\/0i-DHSuyx44?feature=oembed\" frameborder=\"0\" allow=\"accelerometer; autoplay; clipboard-write; encrypted-media; gyroscope; picture-in-picture\" allowfullscreen><\/iframe><\/p>\n<p style=\"text-align: right;\"><strong>FERNANDO BRAVO<\/strong><\/p>\n<p><strong>CAP\u00cdTULO XLV. Un ejemplo de represi\u00f3n: Ronda<\/strong><\/p>\n<p><iframe loading=\"lazy\" title=\"CAP\u00cdTULO XLV. UN MODELO DE REPRESI\u00d3N: RONDA. PASEANDO POR LA H\u00aa DE LA G.CIVIL EN M\u00c1LAGA.\" width=\"580\" height=\"326\" src=\"https:\/\/www.youtube.com\/embed\/VwByQG-U-cA?feature=oembed\" frameborder=\"0\" allow=\"accelerometer; autoplay; clipboard-write; encrypted-media; gyroscope; picture-in-picture\" allowfullscreen><\/iframe><\/p>\n<p style=\"text-align: right;\"><strong>RAQUEL ZUGASTI<\/strong><\/p>\n<p><strong>CAP\u00cdTULO XLVI. La represi\u00f3n en Teba<\/strong><\/p>\n<p><iframe loading=\"lazy\" title=\"CAP\u00cdTULO XLVI. LA REPRESI\u00d3N EN TEBA. PASEANDO POR LA HISTORIA DE LA GUERRA CIVIL EN M\u00c1LAGA\" width=\"580\" height=\"326\" src=\"https:\/\/www.youtube.com\/embed\/VxMmXUB03Jg?feature=oembed\" frameborder=\"0\" allow=\"accelerometer; autoplay; clipboard-write; encrypted-media; gyroscope; picture-in-picture\" allowfullscreen><\/iframe><\/p>\n<p style=\"text-align: right;\"><strong>JUAN FUENTES<\/strong><\/p>\n<p><strong>CAP\u00cdTULO XLVII. La conquista de M\u00e1laga<\/strong><\/p>\n<p><iframe loading=\"lazy\" title=\"CAP\u00cdTULO XLVII. LA CONQUISTA DE M\u00c1LAGA. PASEANDO POR LA HISTORIA DE LA GUERRA CIVIL EN M\u00c1LAGA\" width=\"580\" height=\"326\" src=\"https:\/\/www.youtube.com\/embed\/3MJC-kKXMeI?feature=oembed\" frameborder=\"0\" allow=\"accelerometer; autoplay; clipboard-write; encrypted-media; gyroscope; picture-in-picture\" allowfullscreen><\/iframe><\/p>\n<p style=\"text-align: right;\"><strong>ENCARNACI\u00d3N BARRANQUERO Y FERNANDO BRAVO&nbsp;&nbsp;<\/strong><\/p>\n<p><strong>CAP\u00cdTULO XLVIII. La participaci\u00f3n italiana en la toma de M\u00e1laga. <\/strong><\/p>\n<p><iframe loading=\"lazy\" title=\"CAP\u00cdTULO XLVIII. LA PARTICIPACI\u00d3N ITALIANA EN M\u00c1LAGA.  PASEANDO POR LA H\u00aa DE LA G.CIVIL EN M\u00c1LAGA\" width=\"580\" height=\"326\" src=\"https:\/\/www.youtube.com\/embed\/wVR3xaP-b-U?feature=oembed\" frameborder=\"0\" allow=\"accelerometer; autoplay; clipboard-write; encrypted-media; gyroscope; picture-in-picture\" allowfullscreen><\/iframe><\/p>\n<p style=\"text-align: right;\"><strong>ANTONIO NAVAS<\/strong><\/p>\n<p><strong>CAP\u00cdTULO XLIX. Las autoridades republicanas en la ca\u00edda de M\u00e1laga. <\/strong><\/p>\n<p><iframe loading=\"lazy\" title=\"CAP\u00cdTULO XLIX. AUTORIDADES REPUBLICANAS Y LA CA\u00cdDA DE M\u00c1LAGA. PASEANDO POR LA H\u00aa DE LA G.C EN M\u00c1LAGA\" width=\"580\" height=\"326\" src=\"https:\/\/www.youtube.com\/embed\/L4S_XUEJrbk?feature=oembed\" frameborder=\"0\" allow=\"accelerometer; autoplay; clipboard-write; encrypted-media; gyroscope; picture-in-picture\" allowfullscreen><\/iframe><\/p>\n<p style=\"text-align: right;\"><strong>VARIOS AUTORES<\/strong><\/p>\n<p><strong>CAP\u00cdTULO L. El proceso de responsabilidades en la ca\u00edda de M\u00e1laga. <\/strong><\/p>\n<p><iframe loading=\"lazy\" title=\"CAP\u00cdTULO L. PROCESO DE RESPONSABILIDADES CA\u00cdDA DE M\u00c1LAGA. PASEANDO POR LA H\u00aa DE LA G.C EN M\u00c1LAGA\" width=\"580\" height=\"326\" src=\"https:\/\/www.youtube.com\/embed\/3oqZGvO-yvg?feature=oembed\" frameborder=\"0\" allow=\"accelerometer; autoplay; clipboard-write; encrypted-media; gyroscope; picture-in-picture\" allowfullscreen><\/iframe><\/p>\n<p style=\"text-align: right;\"><strong>ANTONIO NADAL<\/strong><\/p>\n<p><strong>CAP\u00cdTULO LI. La ca\u00edda de la Axarqu\u00eda. <\/strong><\/p>\n<p><iframe loading=\"lazy\" title=\"CAP\u00cdTULO LI. LA CA\u00cdDA DE LA AXARQU\u00cdA. PASEANDO POR LA HISTORIA DE LA GUERRA CIVIL EN M\u00c1LAGA.\" width=\"580\" height=\"326\" src=\"https:\/\/www.youtube.com\/embed\/i-vO825Z66Y?feature=oembed\" frameborder=\"0\" allow=\"accelerometer; autoplay; clipboard-write; encrypted-media; gyroscope; picture-in-picture\" allowfullscreen><\/iframe><\/p>\n<p style=\"text-align: right;\"><strong>JOS\u00c9 LUIS CABELLO<\/strong><\/p>\n<p><strong>CAP\u00cdTULO LII. Queipo de Llano<\/strong><\/p>\n<p><iframe loading=\"lazy\" title=\"CAP\u00cdTULO LII. QUEIPO DE LLANO Y M\u00c1LAGA. PASEANDO POR LA HISTORIA DE LA GUERRA CIVIL EN M\u00c1LAGA.\" width=\"580\" height=\"326\" src=\"https:\/\/www.youtube.com\/embed\/NbasSZkxp90?feature=oembed\" frameborder=\"0\" allow=\"accelerometer; autoplay; clipboard-write; encrypted-media; gyroscope; picture-in-picture\" allowfullscreen><\/iframe><\/p>\n<p style=\"text-align: right;\"><strong>RICARDO FERN\u00c1NDEZ Y ALFONSO LAZO<\/strong><\/p>\n<p>&nbsp;<\/p>\n","protected":false},"excerpt":{"rendered":"<p>La situaci\u00f3n de M\u00e1laga dentro del bando republicano hizo que una parte de las tropas franquistas se dedicaran a la toma de la provincia de M\u00e1laga. De este modo, fueron cayendo de manera progresiva las grandes urbes: Antequera, Ronda, Estepona, Marbella, M\u00e1laga, V\u00e9lez M\u00e1laga\u2026 Fundamental en este avance de las tropas sublevadas fue el papel [&hellip;]<\/p>\n","protected":false},"author":1,"featured_media":0,"parent":0,"menu_order":0,"comment_status":"closed","ping_status":"closed","template":"","meta":{"ngg_post_thumbnail":0},"_links":{"self":[{"href":"https:\/\/guerracivilmalaga.com\/index.php\/wp-json\/wp\/v2\/pages\/149"}],"collection":[{"href":"https:\/\/guerracivilmalaga.com\/index.php\/wp-json\/wp\/v2\/pages"}],"about":[{"href":"https:\/\/guerracivilmalaga.com\/index.php\/wp-json\/wp\/v2\/types\/page"}],"author":[{"embeddable":true,"href":"https:\/\/guerracivilmalaga.com\/index.php\/wp-json\/wp\/v2\/users\/1"}],"replies":[{"embeddable":true,"href":"https:\/\/guerracivilmalaga.com\/index.php\/wp-json\/wp\/v2\/comments?post=149"}],"version-history":[{"count":8,"href":"https:\/\/guerracivilmalaga.com\/index.php\/wp-json\/wp\/v2\/pages\/149\/revisions"}],"predecessor-version":[{"id":238,"href":"https:\/\/guerracivilmalaga.com\/index.php\/wp-json\/wp\/v2\/pages\/149\/revisions\/238"}],"wp:attachment":[{"href":"https:\/\/guerracivilmalaga.com\/index.php\/wp-json\/wp\/v2\/media?parent=149"}],"curies":[{"name":"wp","href":"https:\/\/api.w.org\/{rel}","templated":true}]}}