{"id":11,"date":"2021-09-02T09:30:24","date_gmt":"2021-09-02T09:30:24","guid":{"rendered":"https:\/\/guerracivilmalaga.com\/?page_id=11"},"modified":"2021-09-22T14:05:22","modified_gmt":"2021-09-22T14:05:22","slug":"contexto-historico","status":"publish","type":"page","link":"https:\/\/guerracivilmalaga.com\/index.php\/contexto-historico\/","title":{"rendered":"CONTEXTO HIST\u00d3RICO"},"content":{"rendered":"<p><span style=\"font-size: 14pt;\">Los a\u00f1os treinta del siglo XX est\u00e1n marcados por la crisis del 29, la expansi\u00f3n de las ideas comunistas y el nacimiento de los fascismos. Espa\u00f1a no fue ajena a este proceso.<\/span><\/p>\n<p><strong>CAP\u00cdTULO I. Los a\u00f1os treinta del siglo XX<\/strong><\/p>\n<p><iframe loading=\"lazy\" title=\"YouTube video player\" src=\"https:\/\/www.youtube.com\/embed\/VCpz7wGBpGs\" width=\"560\" height=\"315\" frameborder=\"0\" allowfullscreen=\"allowfullscreen\"><\/iframe><\/p>\n<p style=\"text-align: right;\"><strong>MIGUEL \u00c1NGEL SOL\u00cdS<\/strong><\/p>\n<p><strong>CAP\u00cdTULO II. Elecciones en M\u00e1laga durante la II Rep\u00fablica<\/strong><\/p>\n<p style=\"text-align: right;\"><iframe loading=\"lazy\" title=\"YouTube video player\" src=\"https:\/\/www.youtube.com\/embed\/wKb1xGlvx5s\" width=\"560\" height=\"315\" frameborder=\"0\" allowfullscreen=\"allowfullscreen\"><\/iframe><\/p>\n<p style=\"text-align: right;\"><strong>MIGUEL \u00c1NGEL SOL\u00cdS<\/strong><\/p>\n<p><strong>CAP\u00cdTULO III.&nbsp; La M\u00e1laga de los a\u00f1os treinta del siglo XX<\/strong><\/p>\n<p><iframe loading=\"lazy\" title=\"YouTube video player\" src=\"https:\/\/www.youtube.com\/embed\/DEZPRMEZWMs\" width=\"560\" height=\"315\" frameborder=\"0\" allowfullscreen=\"allowfullscreen\"><\/iframe><\/p>\n<p style=\"text-align: right;\"><strong>MANUEL MORALES MU\u00d1OZ<\/strong><\/p>\n<p><strong>CAP\u00cdTULO IV. Falange y los grupos de Izquierda<\/strong><\/p>\n<p><iframe loading=\"lazy\" title=\"CAP IV.  FALANGE Y LOS GRUPOS DE IZQUIERDA. PASEANDO POR LA HISTORIA DE LA GUERRA CIVIL EN M\u00c1LAGA\" width=\"580\" height=\"326\" src=\"https:\/\/www.youtube.com\/embed\/fvKK4u7ttg8?feature=oembed\" frameborder=\"0\" allow=\"accelerometer; autoplay; clipboard-write; encrypted-media; gyroscope; picture-in-picture\" allowfullscreen><\/iframe><\/p>\n<p style=\"text-align: right;\"><strong>ANTONIO NADAL<\/strong><\/p>\n<p>&nbsp;<\/p>\n","protected":false},"excerpt":{"rendered":"<p>Los a\u00f1os treinta del siglo XX est\u00e1n marcados por la crisis del 29, la expansi\u00f3n de las ideas comunistas y el nacimiento de los fascismos. Espa\u00f1a no fue ajena a este proceso. CAP\u00cdTULO I. Los a\u00f1os treinta del siglo XX MIGUEL \u00c1NGEL SOL\u00cdS CAP\u00cdTULO II. Elecciones en M\u00e1laga durante la II Rep\u00fablica MIGUEL \u00c1NGEL SOL\u00cdS [&hellip;]<\/p>\n","protected":false},"author":1,"featured_media":12,"parent":0,"menu_order":0,"comment_status":"closed","ping_status":"closed","template":"","meta":{"ngg_post_thumbnail":0},"_links":{"self":[{"href":"https:\/\/guerracivilmalaga.com\/index.php\/wp-json\/wp\/v2\/pages\/11"}],"collection":[{"href":"https:\/\/guerracivilmalaga.com\/index.php\/wp-json\/wp\/v2\/pages"}],"about":[{"href":"https:\/\/guerracivilmalaga.com\/index.php\/wp-json\/wp\/v2\/types\/page"}],"author":[{"embeddable":true,"href":"https:\/\/guerracivilmalaga.com\/index.php\/wp-json\/wp\/v2\/users\/1"}],"replies":[{"embeddable":true,"href":"https:\/\/guerracivilmalaga.com\/index.php\/wp-json\/wp\/v2\/comments?post=11"}],"version-history":[{"count":10,"href":"https:\/\/guerracivilmalaga.com\/index.php\/wp-json\/wp\/v2\/pages\/11\/revisions"}],"predecessor-version":[{"id":187,"href":"https:\/\/guerracivilmalaga.com\/index.php\/wp-json\/wp\/v2\/pages\/11\/revisions\/187"}],"wp:featuredmedia":[{"embeddable":true,"href":"https:\/\/guerracivilmalaga.com\/index.php\/wp-json\/wp\/v2\/media\/12"}],"wp:attachment":[{"href":"https:\/\/guerracivilmalaga.com\/index.php\/wp-json\/wp\/v2\/media?parent=11"}],"curies":[{"name":"wp","href":"https:\/\/api.w.org\/{rel}","templated":true}]}}